{"id":910,"date":"2018-04-29T17:25:40","date_gmt":"2018-04-29T17:25:40","guid":{"rendered":"https:\/\/eagle-themes.com\/themes\/zante\/?page_id=910"},"modified":"2020-02-01T18:49:52","modified_gmt":"2020-02-01T18:49:52","slug":"search","status":"publish","type":"page","link":"https:\/\/hsdc.pt\/?page_id=910","title":{"rendered":"Comodidades"},"content":{"rendered":"<p>[vc_row disable_element=&#8221;yes&#8221;][vc_column][vc_column_text]\n  \n  <div class=\"eb-g-2-7 eb-g-m-1-1 eb-g-c-g-40 eb-sticky-sidebar-container\">\n    \n<div class=\"search-filters \">\n\n  <div class=\"eb-widget eb-search-form\">\n    <h2 class=\"title\">Detalhes da Reserva<\/h2>\n    <div class=\"inner\">\n      <form id=\"search_form\" class=\"booking-search-form\">\n        <div class=\"\">\n          \r\n<label for=\"eagle_booking_datepicker\">Check In\/Out<\/label>\r\n<input id=\"eagle_booking_datepicker\" type=\"text\" class=\"form-control eagle-booking-datepicker\" placeholder=\"Check In &nbsp;&nbsp;\u2192&nbsp;&nbsp; Check Out\" value=\"\" autocomplete=\"off\" readonly>\r\n<input id=\"eagle_booking_checkin\" type=\"hidden\" name=\"eagle_booking_checkin\">\r\n<input id=\"eagle_booking_checkout\" type=\"hidden\" name=\"eagle_booking_checkout\">\r\n\r\n        <\/div>\n        <div class=\"\">\n          \r\n\r\n<label for=\"eagle_booking_guests\">H\u00f3spedes<\/label>\r\n<div class=\"eb-guestspicker\">\r\n\r\n  <div class=\"form-control guestspicker\">\r\n    H\u00f3spedes <span class=\"gueststotal\"><\/span>\r\n  <\/div>\r\n\r\n  <div class=\"eb-guestspicker-content\">\r\n\r\n    \r\n    <!-- Guests -->\r\n    <div class=\"guests-buttons\">\r\n      <div class=\"description\">\r\n        <label>H\u00f3spedes<\/label>\r\n      <\/div>\r\n      <div class=\"guests-button\">\r\n        <div class=\"minus\"><\/div>\r\n        <input type=\"text\" id =\"eagle_booking_guests\" name=\"eagle_booking_guests\" class=\"booking-guests\" value=\"1\" min=\"1\" max=\"4\">\r\n        <div class=\"plus\"><\/div>\r\n      <\/div>\r\n    <\/div>\r\n\r\n    \r\n  <\/div>\r\n<\/div>\r\n        <\/div>\n      <\/form>\n    <\/div>\n  <\/div>\n\n\n<\/div>    <div>\n\n      \n<div class=\"rooms-bar\">\n  <span class=\"total-rooms\">\n  Encontr\u00e1dos <strong id=\"results-number\">7<\/strong> quartos desde\n      <span class=\"cheapest-room\">\u20ac<\/span>\n    <\/span>\n\n  <span class=\"rooms-view-sorting\">\n    <!-- <span class=\"rooms-view\">\n      <a href=\"#\" class=\"grid-btn\"><i class=\"fa fa-list\" aria-hidden=\"true\"><\/i><\/a>\n      <a href=\"#\" class=\"grid-btn active\"><i class=\"fa fa-th\" aria-hidden=\"true\"><\/i><\/a>\n    <\/span> -->\n    <span class=\"eb-dropdown eb-rooms-sorting\">\n      <div id=\"eagle_booking_active_sorting\" class=\"eb-dropdown-toggle\">Ordenar por: pr\u00e9-definido<\/div>\n      <ul id=\"eagle_booking_search_sorting\" class=\"eb-dropdown-menu\">\n        <li class=\"sorting_option\">\n          <a class=\"search_sorting\" data-meta-key=\"eagle_booking_mtb_room_price_min\" data-order=\"ASC\">Ordenar por: Pre\u00e7o mais baixo<\/a>\n        <\/li>\n        <li class=\"sorting_option\">\n          <a class=\"search_sorting\" data-meta-key=\"eagle_booking_mtb_room_price_min\" data-order=\"DESC\">Ordenar por: Pre\u00e7o mais alto<\/a>\n        <\/li>\n        <li class=\"sorting_option\">\n          <a class=\"search_sorting\" data-meta-key=\"\" data-order=\"\">Ordenar por: pr\u00e9-definido<\/a>\n        <\/li>\n      <\/ul>\n    <\/span>\n  <\/span>\n<\/div>\n      <div id=\"eagle_booking_rooms_list\">\n          <div id=\"eagle_booking_search_results\">\n            \n<div id=\"eb-search-room-2185\" class=\"room-list-item\">\n  <div class=\"room-list-item-grid\">\n      <figure>\n        <a href=\"https:\/\/hsdc.pt\/?eagle_rooms=parque-de-estacionamento\">\n\n          \n                      <img src=\"https:\/\/hsdc.pt\/wp-content\/uploads\/2020\/02\/IMG_6548-720x470.jpg\" alt=\"Parque de Estacionamento\" loading=\"lazy\">\n          \n        <\/a>\n      <\/figure>\n\n      <div class=\"room-details\">\n        <h2 class=\"title\">\n          <a href=\"https:\/\/hsdc.pt\/?eagle_rooms=parque-de-estacionamento\">Parque de Estacionamento<\/a>\n        <\/h2>\n        <p><\/p>\n              <\/div>\n      \n<div class=\"room-price-details\">\n  <div class=\"room-price-search\">\n\n    \n    \n        \n        <div class=\"select-booking-dates-notice\" id=\"select-booking-dates\">Selecionar datas da reserva<\/div>\n        \n    \n    <\/div>\n\n    <!-- Quick Details -->\n    \n    <\/div>\n  <\/div>\n  <\/div>\n\n<div id=\"eb-search-room-2179\" class=\"room-list-item\">\n  <div class=\"room-list-item-grid\">\n      <figure>\n        <a href=\"https:\/\/hsdc.pt\/?eagle_rooms=sala-de-estar\">\n\n          \n                      <img src=\"https:\/\/hsdc.pt\/wp-content\/uploads\/2020\/02\/IMG_6471-720x470.jpg\" alt=\"Sala de Estar\" loading=\"lazy\">\n          \n        <\/a>\n      <\/figure>\n\n      <div class=\"room-details\">\n        <h2 class=\"title\">\n          <a href=\"https:\/\/hsdc.pt\/?eagle_rooms=sala-de-estar\">Sala de Estar<\/a>\n        <\/h2>\n        <p><\/p>\n              <\/div>\n      \n<div class=\"room-price-details\">\n  <div class=\"room-price-search\">\n\n    \n    \n        \n        <div class=\"select-booking-dates-notice\" id=\"select-booking-dates\">Selecionar datas da reserva<\/div>\n        \n    \n    <\/div>\n\n    <!-- Quick Details -->\n    \n    <\/div>\n  <\/div>\n  <\/div>\n\n<div id=\"eb-search-room-2171\" class=\"room-list-item\">\n  <div class=\"room-list-item-grid\">\n      <figure>\n        <a href=\"https:\/\/hsdc.pt\/?eagle_rooms=sala-de-pequenos-almocos\">\n\n          \n                      <img src=\"https:\/\/hsdc.pt\/wp-content\/uploads\/2020\/02\/IMG_6489-720x470.jpg\" alt=\"Sala de Pequenos Almo\u00e7os\" loading=\"lazy\">\n          \n        <\/a>\n      <\/figure>\n\n      <div class=\"room-details\">\n        <h2 class=\"title\">\n          <a href=\"https:\/\/hsdc.pt\/?eagle_rooms=sala-de-pequenos-almocos\">Sala de Pequenos Almo\u00e7os<\/a>\n        <\/h2>\n        <p><\/p>\n              <\/div>\n      \n<div class=\"room-price-details\">\n  <div class=\"room-price-search\">\n\n    \n    \n        \n        <div class=\"select-booking-dates-notice\" id=\"select-booking-dates\">Selecionar datas da reserva<\/div>\n        \n    \n    <\/div>\n\n    <!-- Quick Details -->\n    \n    <\/div>\n  <\/div>\n  <\/div>\n\n<div id=\"eb-search-room-2144\" class=\"room-list-item\">\n  <div class=\"room-list-item-grid\">\n      <figure>\n        <a href=\"https:\/\/hsdc.pt\/?eagle_rooms=quarto-superior\">\n\n          \n                      <img src=\"https:\/\/hsdc.pt\/wp-content\/uploads\/2020\/01\/IMG_8737-720x470.jpg\" alt=\"Quarto Superior\" loading=\"lazy\">\n          \n        <\/a>\n      <\/figure>\n\n      <div class=\"room-details\">\n        <h2 class=\"title\">\n          <a href=\"https:\/\/hsdc.pt\/?eagle_rooms=quarto-superior\">Quarto Superior<\/a>\n        <\/h2>\n        <p>Quarto com casa de banho privativa, secret\u00e1ria e cadeira, roupeiro com bastante arruma\u00e7\u00e3o, TV e aquecimento.<\/p>\n              <\/div>\n      \n<div class=\"room-price-details\">\n  <div class=\"room-price-search\">\n\n    \n    \n        \n        <div class=\"select-booking-dates-notice\" id=\"select-booking-dates\">Selecionar datas da reserva<\/div>\n        \n    \n    <\/div>\n\n    <!-- Quick Details -->\n    \n    <\/div>\n  <\/div>\n  <\/div>\n\n<div id=\"eb-search-room-2024\" class=\"room-list-item\">\n  <div class=\"room-list-item-grid\">\n      <figure>\n        <a href=\"https:\/\/hsdc.pt\/?eagle_rooms=standard\">\n\n          \n                      <img src=\"https:\/\/hsdc.pt\/wp-content\/uploads\/2019\/12\/Galeria-1-720x470.jpg\" alt=\"Quarto Standard\" loading=\"lazy\">\n          \n        <\/a>\n      <\/figure>\n\n      <div class=\"room-details\">\n        <h2 class=\"title\">\n          <a href=\"https:\/\/hsdc.pt\/?eagle_rooms=standard\">Quarto Standard<\/a>\n        <\/h2>\n        <p>Quarto com casa de banho privativa, secret\u00e1ria e cadeira, roupeiro com bastante arruma\u00e7\u00e3o, TV e aquecimento.<\/p>\n              <\/div>\n      \n<div class=\"room-price-details\">\n  <div class=\"room-price-search\">\n\n    \n    \n        \n        <div class=\"select-booking-dates-notice\" id=\"select-booking-dates\">Selecionar datas da reserva<\/div>\n        \n    \n    <\/div>\n\n    <!-- Quick Details -->\n    \n    <\/div>\n  <\/div>\n  <\/div>\n\n<div id=\"eb-search-room-2016\" class=\"room-list-item\">\n  <div class=\"room-list-item-grid\">\n      <figure>\n        <a href=\"https:\/\/hsdc.pt\/?eagle_rooms=quarto-individual\">\n\n          \n                      <img src=\"https:\/\/hsdc.pt\/wp-content\/uploads\/2019\/12\/IMG_8739-720x470.jpg\" alt=\"Quarto Individual\" loading=\"lazy\">\n          \n        <\/a>\n      <\/figure>\n\n      <div class=\"room-details\">\n        <h2 class=\"title\">\n          <a href=\"https:\/\/hsdc.pt\/?eagle_rooms=quarto-individual\">Quarto Individual<\/a>\n        <\/h2>\n        <p>Quarto com casa de banho privativa, secret\u00e1ria e cadeira, roupeiro com bastante arruma\u00e7\u00e3o, TV e aquecimento.<\/p>\n              <\/div>\n      \n<div class=\"room-price-details\">\n  <div class=\"room-price-search\">\n\n    \n    \n        \n        <div class=\"select-booking-dates-notice\" id=\"select-booking-dates\">Selecionar datas da reserva<\/div>\n        \n    \n    <\/div>\n\n    <!-- Quick Details -->\n    \n    <\/div>\n  <\/div>\n  <\/div>\n\n<div id=\"eb-search-room-935\" class=\"room-list-item\">\n  <div class=\"room-list-item-grid\">\n      <figure>\n        <a href=\"https:\/\/hsdc.pt\/?eagle_rooms=single-room\">\n\n          \n                      <img src=\"https:\/\/hsdc.pt\/wp-content\/uploads\/2018\/07\/IMG_8743-720x470.jpg\" alt=\"Quarto Twin\" loading=\"lazy\">\n          \n        <\/a>\n      <\/figure>\n\n      <div class=\"room-details\">\n        <h2 class=\"title\">\n          <a href=\"https:\/\/hsdc.pt\/?eagle_rooms=single-room\">Quarto Twin<\/a>\n        <\/h2>\n        <p>Quarto com casa de banho privativa, secret\u00e1ria e cadeira, roupeiro com bastante arruma\u00e7\u00e3o, TV e aquecimento.<\/p>\n              <\/div>\n      \n<div class=\"room-price-details\">\n  <div class=\"room-price-search\">\n\n    \n    \n        \n        <div class=\"select-booking-dates-notice\" id=\"select-booking-dates\">Selecionar datas da reserva<\/div>\n        \n    \n    <\/div>\n\n    <!-- Quick Details -->\n    \n    <\/div>\n  <\/div>\n  <\/div>\n\n          <\/div>\n        <\/div>\n        \n    <\/div>\n  <\/div>\n\n  [\/vc_column_text][\/vc_column][\/vc_row][vc_row][vc_column]\t\t\t<div\r\n\t\t\t\tclass=\"main_title  text-center  \">\r\n\t\t\t\t<h2 class=\"title\">COMODIDADES<\/h2>\r\n\t\t\t\t\t\t\t\t\t<p class=\"main_description\">Os Nossos Quartos e Espa\u00e7os Acolhedores<\/p>\r\n\t\t\t\t\t\t\t<\/div>\r\n\t\t[\/vc_column][\/vc_row][vc_row][vc_column]\n            <div class=\"row flex-row\">\n\t                                      <!-- Room Item -->\n                      <div class=\"col-lg-4 col-sm-6\">\n                      <div class=\"room-item\">\n                          <figure class=\"room-image gradient-overlay overlay-opacity-02 slide-right-hover\">\n                                                      <a href=\"https:\/\/hsdc.pt\/?eagle_rooms=quarto-superior\">\n                                <img src=\"https:\/\/hsdc.pt\/wp-content\/uploads\/2020\/01\/IMG_8737-720x470.jpg\" class=\"img-responsive\" alt=\"Quarto Superior\">\n                            <\/a>\n                          <\/figure>\n                          <div class=\"room-details\">\n                              <h3 class=\"room-title\"><a href=\"https:\/\/hsdc.pt\/?eagle_rooms=quarto-superior\">Quarto Superior<\/a><\/h3>\n                    <!-- Room Services -->\n                    \n                      <div class=\"room-services\">\n\n                                                <div class=\"room-service-item\" data-toggle=\"popover\" data-placement=\"top\" data-trigger=\"hover\" data-content=\"Aesso Wi-Fi Gratuito\" data-original-title=\"Internet\">\n                                                      <i class=\"fas fa-wifi\"><\/i>\n                                                    <\/div>\n                                                  <div class=\"room-service-item\" data-toggle=\"popover\" data-placement=\"top\" data-trigger=\"hover\" data-content=\"Estacionamento Privativo (inclu\u00eddo na tarifa do quarto)\" data-original-title=\"Estacionamento\">\n                                                      <i class=\"fas fa-parking\"><\/i>\n                                                    <\/div>\n                                                  <div class=\"room-service-item\" data-toggle=\"popover\" data-placement=\"top\" data-trigger=\"hover\" data-content=\"Limpeza Di\u00e1ria do Quarto (inclu\u00eddo na tarifa do quarto)\" data-original-title=\"Limpeza Di\u00e1ria\">\n                                                      <i class=\"fas fa-broom\"><\/i>\n                                                    <\/div>\n                                                  <div class=\"room-service-item\" data-toggle=\"popover\" data-placement=\"top\" data-trigger=\"hover\" data-content=\"Pequeno Almo\u00e7o (inclu\u00eddo na tarifa do quarto) servido entre as 08:30 e as 10:30\" data-original-title=\"Pequeno Almo\u00e7o\">\n                                                      <i class=\"fas fa-coffee\"><\/i>\n                                                    <\/div>\n                        \n                      <\/div>\n\n                                              <\/div>\n                      <\/div>\n                    <\/div>\n\t                                      <!-- Room Item -->\n                      <div class=\"col-lg-4 col-sm-6\">\n                      <div class=\"room-item\">\n                          <figure class=\"room-image gradient-overlay overlay-opacity-02 slide-right-hover\">\n                                                      <a href=\"https:\/\/hsdc.pt\/?eagle_rooms=parque-de-estacionamento\">\n                                <img src=\"https:\/\/hsdc.pt\/wp-content\/uploads\/2020\/02\/IMG_6548-720x470.jpg\" class=\"img-responsive\" alt=\"Parque de Estacionamento\">\n                            <\/a>\n                          <\/figure>\n                          <div class=\"room-details\">\n                              <h3 class=\"room-title\"><a href=\"https:\/\/hsdc.pt\/?eagle_rooms=parque-de-estacionamento\">Parque de Estacionamento<\/a><\/h3>\n                    <!-- Room Services -->\n                                              <\/div>\n                      <\/div>\n                    <\/div>\n\t                                      <!-- Room Item -->\n                      <div class=\"col-lg-4 col-sm-6\">\n                      <div class=\"room-item\">\n                          <figure class=\"room-image gradient-overlay overlay-opacity-02 slide-right-hover\">\n                                                      <a href=\"https:\/\/hsdc.pt\/?eagle_rooms=sala-de-pequenos-almocos\">\n                                <img src=\"https:\/\/hsdc.pt\/wp-content\/uploads\/2020\/02\/IMG_6489-720x470.jpg\" class=\"img-responsive\" alt=\"Sala de Pequenos Almo\u00e7os\">\n                            <\/a>\n                          <\/figure>\n                          <div class=\"room-details\">\n                              <h3 class=\"room-title\"><a href=\"https:\/\/hsdc.pt\/?eagle_rooms=sala-de-pequenos-almocos\">Sala de Pequenos Almo\u00e7os<\/a><\/h3>\n                    <!-- Room Services -->\n                                              <\/div>\n                      <\/div>\n                    <\/div>\n\t                                      <!-- Room Item -->\n                      <div class=\"col-lg-4 col-sm-6\">\n                      <div class=\"room-item\">\n                          <figure class=\"room-image gradient-overlay overlay-opacity-02 slide-right-hover\">\n                                                      <a href=\"https:\/\/hsdc.pt\/?eagle_rooms=standard\">\n                                <img src=\"https:\/\/hsdc.pt\/wp-content\/uploads\/2019\/12\/Galeria-1-720x470.jpg\" class=\"img-responsive\" alt=\"Quarto Standard\">\n                            <\/a>\n                          <\/figure>\n                          <div class=\"room-details\">\n                              <h3 class=\"room-title\"><a href=\"https:\/\/hsdc.pt\/?eagle_rooms=standard\">Quarto Standard<\/a><\/h3>\n                    <!-- Room Services -->\n                    \n                      <div class=\"room-services\">\n\n                                                <div class=\"room-service-item\" data-toggle=\"popover\" data-placement=\"top\" data-trigger=\"hover\" data-content=\"Aesso Wi-Fi Gratuito\" data-original-title=\"Internet\">\n                                                      <i class=\"fas fa-wifi\"><\/i>\n                                                    <\/div>\n                                                  <div class=\"room-service-item\" data-toggle=\"popover\" data-placement=\"top\" data-trigger=\"hover\" data-content=\"Estacionamento Privativo (inclu\u00eddo na tarifa do quarto)\" data-original-title=\"Estacionamento\">\n                                                      <i class=\"fas fa-parking\"><\/i>\n                                                    <\/div>\n                                                  <div class=\"room-service-item\" data-toggle=\"popover\" data-placement=\"top\" data-trigger=\"hover\" data-content=\"Limpeza Di\u00e1ria do Quarto (inclu\u00eddo na tarifa do quarto)\" data-original-title=\"Limpeza Di\u00e1ria\">\n                                                      <i class=\"fas fa-broom\"><\/i>\n                                                    <\/div>\n                                                  <div class=\"room-service-item\" data-toggle=\"popover\" data-placement=\"top\" data-trigger=\"hover\" data-content=\"Pequeno Almo\u00e7o (inclu\u00eddo na tarifa do quarto) servido entre as 08:30 e as 10:30\" data-original-title=\"Pequeno Almo\u00e7o\">\n                                                      <i class=\"fas fa-coffee\"><\/i>\n                                                    <\/div>\n                        \n                      <\/div>\n\n                                              <\/div>\n                      <\/div>\n                    <\/div>\n\t                                      <!-- Room Item -->\n                      <div class=\"col-lg-4 col-sm-6\">\n                      <div class=\"room-item\">\n                          <figure class=\"room-image gradient-overlay overlay-opacity-02 slide-right-hover\">\n                                                      <a href=\"https:\/\/hsdc.pt\/?eagle_rooms=sala-de-estar\">\n                                <img src=\"https:\/\/hsdc.pt\/wp-content\/uploads\/2020\/02\/IMG_6471-720x470.jpg\" class=\"img-responsive\" alt=\"Sala de Estar\">\n                            <\/a>\n                          <\/figure>\n                          <div class=\"room-details\">\n                              <h3 class=\"room-title\"><a href=\"https:\/\/hsdc.pt\/?eagle_rooms=sala-de-estar\">Sala de Estar<\/a><\/h3>\n                    <!-- Room Services -->\n                                              <\/div>\n                      <\/div>\n                    <\/div>\n\t                                      <!-- Room Item -->\n                      <div class=\"col-lg-4 col-sm-6\">\n                      <div class=\"room-item\">\n                          <figure class=\"room-image gradient-overlay overlay-opacity-02 slide-right-hover\">\n                                                      <a href=\"https:\/\/hsdc.pt\/?eagle_rooms=single-room\">\n                                <img src=\"https:\/\/hsdc.pt\/wp-content\/uploads\/2018\/07\/IMG_8743-720x470.jpg\" class=\"img-responsive\" alt=\"Quarto Twin\">\n                            <\/a>\n                          <\/figure>\n                          <div class=\"room-details\">\n                              <h3 class=\"room-title\"><a href=\"https:\/\/hsdc.pt\/?eagle_rooms=single-room\">Quarto Twin<\/a><\/h3>\n                    <!-- Room Services -->\n                    \n                      <div class=\"room-services\">\n\n                                                <div class=\"room-service-item\" data-toggle=\"popover\" data-placement=\"top\" data-trigger=\"hover\" data-content=\"Aesso Wi-Fi Gratuito\" data-original-title=\"Internet\">\n                                                      <i class=\"fas fa-wifi\"><\/i>\n                                                    <\/div>\n                                                  <div class=\"room-service-item\" data-toggle=\"popover\" data-placement=\"top\" data-trigger=\"hover\" data-content=\"Estacionamento Privativo (inclu\u00eddo na tarifa do quarto)\" data-original-title=\"Estacionamento\">\n                                                      <i class=\"fas fa-parking\"><\/i>\n                                                    <\/div>\n                                                  <div class=\"room-service-item\" data-toggle=\"popover\" data-placement=\"top\" data-trigger=\"hover\" data-content=\"Limpeza Di\u00e1ria do Quarto (inclu\u00eddo na tarifa do quarto)\" data-original-title=\"Limpeza Di\u00e1ria\">\n                                                      <i class=\"fas fa-broom\"><\/i>\n                                                    <\/div>\n                                                  <div class=\"room-service-item\" data-toggle=\"popover\" data-placement=\"top\" data-trigger=\"hover\" data-content=\"Pequeno Almo\u00e7o (inclu\u00eddo na tarifa do quarto) servido entre as 08:30 e as 10:30\" data-original-title=\"Pequeno Almo\u00e7o\">\n                                                      <i class=\"fas fa-coffee\"><\/i>\n                                                    <\/div>\n                        \n                      <\/div>\n\n                                              <\/div>\n                      <\/div>\n                    <\/div>\n\t                                      <!-- Room Item -->\n                      <div class=\"col-lg-4 col-sm-6\">\n                      <div class=\"room-item\">\n                          <figure class=\"room-image gradient-overlay overlay-opacity-02 slide-right-hover\">\n                                                      <a href=\"https:\/\/hsdc.pt\/?eagle_rooms=quarto-individual\">\n                                <img src=\"https:\/\/hsdc.pt\/wp-content\/uploads\/2019\/12\/IMG_8739-720x470.jpg\" class=\"img-responsive\" alt=\"Quarto Individual\">\n                            <\/a>\n                          <\/figure>\n                          <div class=\"room-details\">\n                              <h3 class=\"room-title\"><a href=\"https:\/\/hsdc.pt\/?eagle_rooms=quarto-individual\">Quarto Individual<\/a><\/h3>\n                    <!-- Room Services -->\n                    \n                      <div class=\"room-services\">\n\n                                                <div class=\"room-service-item\" data-toggle=\"popover\" data-placement=\"top\" data-trigger=\"hover\" data-content=\"Aesso Wi-Fi Gratuito\" data-original-title=\"Internet\">\n                                                      <i class=\"fas fa-wifi\"><\/i>\n                                                    <\/div>\n                                                  <div class=\"room-service-item\" data-toggle=\"popover\" data-placement=\"top\" data-trigger=\"hover\" data-content=\"Estacionamento Privativo (inclu\u00eddo na tarifa do quarto)\" data-original-title=\"Estacionamento\">\n                                                      <i class=\"fas fa-parking\"><\/i>\n                                                    <\/div>\n                                                  <div class=\"room-service-item\" data-toggle=\"popover\" data-placement=\"top\" data-trigger=\"hover\" data-content=\"Limpeza Di\u00e1ria do Quarto (inclu\u00eddo na tarifa do quarto)\" data-original-title=\"Limpeza Di\u00e1ria\">\n                                                      <i class=\"fas fa-broom\"><\/i>\n                                                    <\/div>\n                                                  <div class=\"room-service-item\" data-toggle=\"popover\" data-placement=\"top\" data-trigger=\"hover\" data-content=\"Pequeno Almo\u00e7o (inclu\u00eddo na tarifa do quarto) servido entre as 08:30 e as 10:30\" data-original-title=\"Pequeno Almo\u00e7o\">\n                                                      <i class=\"fas fa-coffee\"><\/i>\n                                                    <\/div>\n                        \n                      <\/div>\n\n                                              <\/div>\n                      <\/div>\n                    <\/div>\n\t                \t                            <\/div>\n\n        [\/vc_column][\/vc_row]<\/p>\n","protected":false},"excerpt":{"rendered":"<p>[vc_row disable_element=&#8221;yes&#8221;][vc_column][vc_column_text][\/vc_column_text][\/vc_column][\/vc_row][vc_row][vc_column][\/vc_column][\/vc_row][vc_row][vc_column][\/vc_column][\/vc_row]<\/p>\n","protected":false},"author":1,"featured_media":0,"parent":0,"menu_order":0,"comment_status":"closed","ping_status":"closed","template":"","meta":[],"_links":{"self":[{"href":"https:\/\/hsdc.pt\/index.php?rest_route=\/wp\/v2\/pages\/910"}],"collection":[{"href":"https:\/\/hsdc.pt\/index.php?rest_route=\/wp\/v2\/pages"}],"about":[{"href":"https:\/\/hsdc.pt\/index.php?rest_route=\/wp\/v2\/types\/page"}],"author":[{"embeddable":true,"href":"https:\/\/hsdc.pt\/index.php?rest_route=\/wp\/v2\/users\/1"}],"replies":[{"embeddable":true,"href":"https:\/\/hsdc.pt\/index.php?rest_route=%2Fwp%2Fv2%2Fcomments&post=910"}],"version-history":[{"count":9,"href":"https:\/\/hsdc.pt\/index.php?rest_route=\/wp\/v2\/pages\/910\/revisions"}],"predecessor-version":[{"id":2176,"href":"https:\/\/hsdc.pt\/index.php?rest_route=\/wp\/v2\/pages\/910\/revisions\/2176"}],"wp:attachment":[{"href":"https:\/\/hsdc.pt\/index.php?rest_route=%2Fwp%2Fv2%2Fmedia&parent=910"}],"curies":[{"name":"wp","href":"https:\/\/api.w.org\/{rel}","templated":true}]}}