{"id":60,"date":"2018-02-17T23:15:11","date_gmt":"2018-02-17T23:15:11","guid":{"rendered":"https:\/\/eagle-themes.com\/themes\/zante\/?page_id=60"},"modified":"2020-03-15T16:14:14","modified_gmt":"2020-03-15T16:14:14","slug":"inicio","status":"publish","type":"page","link":"https:\/\/hsdc.pt\/","title":{"rendered":"In\u00edcio"},"content":{"rendered":"<p>[vc_row full_width=&#8221;stretch_row_content_no_spaces&#8221;][vc_column][rev_slider_vc alias=&#8221;rev-slider-1&#8243; el_class=&#8221;color-overlay-slider overlay-opacity-01&#8243;][\/vc_column][\/vc_row][vc_row full_width=&#8221;stretch_row&#8221; css=&#8221;.vc_custom_1531848941252{padding-top: 100px !important;padding-bottom: 100px !important;}&#8221;][vc_column width=&#8221;1\/2&#8243;]\t\t\t<div\r\n\t\t\t\tclass=\"main_title  text-left  \">\r\n\t\t\t\t<h2 class=\"title\">Hotel Sra da Concei\u00e7\u00e3o<\/h2>\r\n\t\t\t\t\t\t\t<\/div>\r\n\t\t[vc_column_text]Inaugurado em 1989, com a categoria de Residencial***, posteriormente alterada para Hotel com a requalifica\u00e7\u00e3o regulamentar do Turismo de Portugal ocorrida no final da primeira d\u00e9cada do s\u00e9c XXI, somos um neg\u00f3cio de fam\u00edlia que tem na proximidade, informalidade, transpar\u00eancia, simplicidade e honestidade os seus principais valores.<\/p>\n<p>Gostamos de tratar os nossos Clientes como se de fam\u00edlia se tratasse, tudo fazendo para se sentirem como se estivessem em suas casas.<\/p>\n<p>Atualmente dispomos de 23 quartos (com diferentes tipologias) e temos como principal miss\u00e3o garantir aos nossos Clientes uma estadia com conforto e tranquilidade no centro de uma das praias mais procuradas de Portugal.[\/vc_column_text][\/vc_column][vc_column width=&#8221;1\/2&#8243;]\r\n        <div class=\"image-3d-effect\">\r\n          <div class=\"side left\"><\/div>\r\n          <div class=\"side right\"><\/div>\r\n          <div class=\"images\">\r\n                        <div class=\"front-image\" style=\"background: url(https:\/\/hsdc.pt\/wp-content\/uploads\/2019\/12\/Imagem1.jpg)\"><\/div>\r\n                                    <div class=\"back-image\" style=\"background: url(https:\/\/hsdc.pt\/wp-content\/uploads\/2019\/12\/Imagem4.jpg)\"><\/div>\r\n                      <\/div>\r\n        <\/div>\r\n\r\n\r\n\r\n        [\/vc_column][\/vc_row][vc_row][vc_column]\t\t\t<div\r\n\t\t\t\tclass=\"main_title  text-center  \">\r\n\t\t\t\t<h2 class=\"title\">A NOSSA LOCALIZA\u00c7\u00c3O<\/h2>\r\n\t\t\t\t\t\t\t\t\t<p class=\"main_description\">O Lugar Perfeito para uma Estadia Fant\u00e1stica<\/p>\r\n\t\t\t\t\t\t\t<\/div>\r\n\t\t[vc_column_text]Estamos situados bem no centro da Praia de Mira, a cerca de 30 kms de Aveiro, 45 Kms de Coimbra e 40 kms da Figueira da Foz.<\/p>\n<p>Com uma envolvente absolutamente \u00fanica, os nossos Clientes poder\u00e3o usufruir de:<\/p>\n<p>&#8211; Praia a cerca de 300 mts do hotel, com extenso areal, \u00e1guas com qualidades terap\u00eauticas \u00fanicas e que \u00e9 a \u00fanica no mundo que conta com a bandeira azul desde o in\u00edcio de atribui\u00e7\u00e3o desta nobre distin\u00e7\u00e3o.<\/p>\n<p>&#8211; Barrinha, lago de \u00e1gua doce que tem liga\u00e7\u00e3o com a Ria de Aveiro e que tem acesso a partir dos terrenos do hotel<\/p>\n<p>&#8211; Floresta e natureza com acesso por via pedonal a partir do hotel e onde poder\u00e3o efetuar passeios a p\u00e9, de bicicleta, observa\u00e7\u00e3o da natureza, entre outros.[\/vc_column_text][\/vc_column][\/vc_row][vc_row disable_element=&#8221;yes&#8221;][vc_column]\r\n\t\t\t\t\r\n        <script>\r\n          jQuery(document).ready(function ($) {\r\n            function gallery_carousel() {\r\n              $('#gallery-carousel-RGB2E').owlCarousel({\r\n                rtl: false,\r\n                loop: false,\r\n                margin: 0,\r\n                nav: false,\r\n                autoplay: true,\r\n                responsive:{\r\n                   0:{\r\n                       items: 1\r\n                   },\r\n                   600:{\r\n                       items: 3\r\n                   },\r\n                   1200:{\r\n                       items:6                   }\r\n                 }\r\n              });\r\n          }\r\n          setTimeout(gallery_carousel, 1)\r\n          });\r\n        <\/script>\r\n\r\n\r\n\t\t\t\t<div id=\"gallery-carousel-RGB2E\" class=\"gallery-slider image-gallery owl-carousel\">\r\n\t\t\t\t\t\t\t\t\t\t\t\t\t\t<!-- TESTIMONIAL SLIDE ITEM -->\r\n\t\t\t\t\t\t\t\t<div class=\"item\">\r\n                  <figure class=\"gradient-overlay-hover icon-zoom-hover zoom-image-hover\">\r\n\t\t\t\t\t\t\t\t\t\t<a href=\"https:\/\/hsdc.pt\/wp-content\/uploads\/2020\/02\/81493287_716864555507894_4412732915549470720_o.jpg\">\r\n\t\t\t\t\t\t\t\t\t\t\t\t<img src=\"https:\/\/hsdc.pt\/wp-content\/uploads\/2020\/02\/81493287_716864555507894_4412732915549470720_o-480x480.jpg\" alt=\"\">\r\n\t\t\t\t\t\t\t\t\t\t<\/a>\r\n                  <\/figure>\r\n                                          <div class=\"gallery_item_info\">\r\n  \t\t\t\t\t\t\t\t\t\t\t\t<h4><\/h4>\r\n  \t\t\t\t\t\t\t\t\t\t<\/div>\r\n                  \t\t\t\t\t\t\t\t<\/div>\r\n\r\n\t\t\t\t\t\t\t\t\t\t\t\t\t\t<!-- TESTIMONIAL SLIDE ITEM -->\r\n\t\t\t\t\t\t\t\t<div class=\"item\">\r\n                  <figure class=\"gradient-overlay-hover icon-zoom-hover zoom-image-hover\">\r\n\t\t\t\t\t\t\t\t\t\t<a href=\"https:\/\/hsdc.pt\/wp-content\/uploads\/2020\/02\/60441263_556626901531661_3347061472537608192_o.jpg\">\r\n\t\t\t\t\t\t\t\t\t\t\t\t<img src=\"https:\/\/hsdc.pt\/wp-content\/uploads\/2020\/02\/60441263_556626901531661_3347061472537608192_o-480x480.jpg\" alt=\"\">\r\n\t\t\t\t\t\t\t\t\t\t<\/a>\r\n                  <\/figure>\r\n                                          <div class=\"gallery_item_info\">\r\n  \t\t\t\t\t\t\t\t\t\t\t\t<h4><\/h4>\r\n  \t\t\t\t\t\t\t\t\t\t<\/div>\r\n                  \t\t\t\t\t\t\t\t<\/div>\r\n\r\n\t\t\t\t\t\t\t\t\t\t\t\t\t\t<!-- TESTIMONIAL SLIDE ITEM -->\r\n\t\t\t\t\t\t\t\t<div class=\"item\">\r\n                  <figure class=\"gradient-overlay-hover icon-zoom-hover zoom-image-hover\">\r\n\t\t\t\t\t\t\t\t\t\t<a href=\"https:\/\/hsdc.pt\/wp-content\/uploads\/2020\/02\/DSC0048-scaled.jpg\">\r\n\t\t\t\t\t\t\t\t\t\t\t\t<img src=\"https:\/\/hsdc.pt\/wp-content\/uploads\/2020\/02\/DSC0048-480x480.jpg\" alt=\"\">\r\n\t\t\t\t\t\t\t\t\t\t<\/a>\r\n                  <\/figure>\r\n                                          <div class=\"gallery_item_info\">\r\n  \t\t\t\t\t\t\t\t\t\t\t\t<h4><\/h4>\r\n  \t\t\t\t\t\t\t\t\t\t<\/div>\r\n                  \t\t\t\t\t\t\t\t<\/div>\r\n\r\n\t\t\t\t\t\t\t\t\t\t\t\t\t\t<!-- TESTIMONIAL SLIDE ITEM -->\r\n\t\t\t\t\t\t\t\t<div class=\"item\">\r\n                  <figure class=\"gradient-overlay-hover icon-zoom-hover zoom-image-hover\">\r\n\t\t\t\t\t\t\t\t\t\t<a href=\"https:\/\/hsdc.pt\/wp-content\/uploads\/2020\/02\/83915616_738895629971453_8895620565646180352_o.jpg\">\r\n\t\t\t\t\t\t\t\t\t\t\t\t<img src=\"https:\/\/hsdc.pt\/wp-content\/uploads\/2020\/02\/83915616_738895629971453_8895620565646180352_o-480x480.jpg\" alt=\"\">\r\n\t\t\t\t\t\t\t\t\t\t<\/a>\r\n                  <\/figure>\r\n                                          <div class=\"gallery_item_info\">\r\n  \t\t\t\t\t\t\t\t\t\t\t\t<h4><\/h4>\r\n  \t\t\t\t\t\t\t\t\t\t<\/div>\r\n                  \t\t\t\t\t\t\t\t<\/div>\r\n\r\n\t\t\t\t\t\t\t\t\t\t\t\t\t\t<!-- TESTIMONIAL SLIDE ITEM -->\r\n\t\t\t\t\t\t\t\t<div class=\"item\">\r\n                  <figure class=\"gradient-overlay-hover icon-zoom-hover zoom-image-hover\">\r\n\t\t\t\t\t\t\t\t\t\t<a href=\"https:\/\/hsdc.pt\/wp-content\/uploads\/2020\/02\/CMM_WESITE_IMG05.jpg\">\r\n\t\t\t\t\t\t\t\t\t\t\t\t<img src=\"https:\/\/hsdc.pt\/wp-content\/uploads\/2020\/02\/CMM_WESITE_IMG05.jpg\" alt=\"\">\r\n\t\t\t\t\t\t\t\t\t\t<\/a>\r\n                  <\/figure>\r\n                                          <div class=\"gallery_item_info\">\r\n  \t\t\t\t\t\t\t\t\t\t\t\t<h4><\/h4>\r\n  \t\t\t\t\t\t\t\t\t\t<\/div>\r\n                  \t\t\t\t\t\t\t\t<\/div>\r\n\r\n\t\t\t\t\t\t\t\t\t\t\t\t\t\t<!-- TESTIMONIAL SLIDE ITEM -->\r\n\t\t\t\t\t\t\t\t<div class=\"item\">\r\n                  <figure class=\"gradient-overlay-hover icon-zoom-hover zoom-image-hover\">\r\n\t\t\t\t\t\t\t\t\t\t<a href=\"https:\/\/hsdc.pt\/wp-content\/uploads\/2019\/12\/Galeria-18.jpg\">\r\n\t\t\t\t\t\t\t\t\t\t\t\t<img src=\"https:\/\/hsdc.pt\/wp-content\/uploads\/2019\/12\/Galeria-18-480x480.jpg\" alt=\"Praia de Mira\">\r\n\t\t\t\t\t\t\t\t\t\t<\/a>\r\n                  <\/figure>\r\n                                          <div class=\"gallery_item_info\">\r\n  \t\t\t\t\t\t\t\t\t\t\t\t<h4>Praia de Mira<\/h4>\r\n  \t\t\t\t\t\t\t\t\t\t<\/div>\r\n                  \t\t\t\t\t\t\t\t<\/div>\r\n\r\n\t\t\t\t\t\t\t\t\t\t\t\t\t\t\t\t<\/div>\r\n\r\n        [\/vc_column][\/vc_row][vc_row full_width=&#8221;stretch_row&#8221; css=&#8221;.vc_custom_1577467293429{padding-top: 100px !important;padding-bottom: 70px !important;}&#8221;][vc_column][vc_row_inner][vc_column_inner]\t\t\t<div\r\n\t\t\t\tclass=\"main_title  text-center  \">\r\n\t\t\t\t<h2 class=\"title\">OS NOSSOS CLIENTES GOSTAM DE N\u00d3S<\/h2>\r\n\t\t\t\t\t\t\t\t\t<p class=\"main_description\">O que os clientes mais adoram.<\/p>\r\n\t\t\t\t\t\t\t<\/div>\r\n\t\t[\/vc_column_inner][\/vc_row_inner]\r\n        <div class=\"row flex-row\">\r\n            \t\t\t\t\t\t\t\t<!-- TESTIMONIAL GRID ITEM -->\r\n                <div class=\"col-lg-6 col-sm-6 \">\r\n                    <div class=\"testimonial-item\">\r\n\t\t                  <div class=\"review\">\r\n\t\t                        <h3>5 Estrelas<\/h3>\r\n                                <div class=\"rating\">\r\n                                    <i class=\"fa fa-star\" aria-hidden=\"true\"><\/i><i class=\"fa fa-star\" aria-hidden=\"true\"><\/i><i class=\"fa fa-star\" aria-hidden=\"true\"><\/i><i class=\"fa fa-star\" aria-hidden=\"true\"><\/i><i class=\"fa fa-star\" aria-hidden=\"true\"><\/i>                                <\/div>\r\n\t\t                        <p>Excelente estadia de passagem de ano. Foram espetaculares. Conseguimos chegar antes da meia noite gra\u00e7as aos Senhores. Foi uma aventura. Obrigada pela simpatia. Recomendo. 5 estrelas.<\/p>\r\n\t\t                    <\/div>\r\n\t\t                    <div class=\"author\">\r\n                                                                    <img src=\"https:\/\/hsdc.pt\/wp-content\/uploads\/2019\/12\/Avatar1-150x150.png\" alt=\"T\u00e2nia Balola\" width=\"80\">\r\n                                \t\t                        <div class=\"author-info\">\r\n\t\t                            <h5>T\u00e2nia Balola<\/h5>\r\n\t\t                            <span class=\"author-loacation\"><\/span>\r\n\t\t                        <\/div>\r\n\t\t                    <\/div>\r\n\t\t              <\/div>\r\n                <\/div>\r\n\r\n            \t\t\t\t\t\t\t\t<!-- TESTIMONIAL GRID ITEM -->\r\n                <div class=\"col-lg-6 col-sm-6 \">\r\n                    <div class=\"testimonial-item\">\r\n\t\t                  <div class=\"review\">\r\n\t\t                        <h3>F\u00e9rias Excelentes<\/h3>\r\n                                <div class=\"rating\">\r\n                                    <i class=\"fa fa-star\" aria-hidden=\"true\"><\/i><i class=\"fa fa-star\" aria-hidden=\"true\"><\/i><i class=\"fa fa-star\" aria-hidden=\"true\"><\/i><i class=\"fa fa-star\" aria-hidden=\"true\"><\/i><i class=\"fa fa-star\" aria-hidden=\"true\"><\/i>                                <\/div>\r\n\t\t                        <p>Pr\u00f3ximo da praia, com estacionamento o que fez com que n\u00e3o fosse necess\u00e1rio pegar no carro. \r\nO staff \u00e9 muito prest\u00e1vel e simp\u00e1tico. Aconselho a todos umas f\u00e9rias na Praia de Mira.<\/p>\r\n\t\t                    <\/div>\r\n\t\t                    <div class=\"author\">\r\n                                                                    <img src=\"https:\/\/hsdc.pt\/wp-content\/uploads\/2019\/12\/Avatar2-150x150.png\" alt=\"Carlos Manuel\" width=\"80\">\r\n                                \t\t                        <div class=\"author-info\">\r\n\t\t                            <h5>Carlos Manuel<\/h5>\r\n\t\t                            <span class=\"author-loacation\"><\/span>\r\n\t\t                        <\/div>\r\n\t\t                    <\/div>\r\n\t\t              <\/div>\r\n                <\/div>\r\n\r\n                                <\/div>\r\n\r\n        [\/vc_column][\/vc_row]<\/p>\n","protected":false},"excerpt":{"rendered":"<p>[vc_row full_width=&#8221;stretch_row_content_no_spaces&#8221;][vc_column][rev_slider_vc alias=&#8221;rev-slider-1&#8243; el_class=&#8221;color-overlay-slider overlay-opacity-01&#8243;][\/vc_column][\/vc_row][vc_row full_width=&#8221;stretch_row&#8221; css=&#8221;.vc_custom_1531848941252{padding-top: 100px !important;padding-bottom: 100px !important;}&#8221;][vc_column width=&#8221;1\/2&#8243;][vc_column_text]Inaugurado em 1989, com a categoria de Residencial***, posteriormente alterada para Hotel com a requalifica\u00e7\u00e3o regulamentar do Turismo de Portugal ocorrida no final da primeira d\u00e9cada do s\u00e9c XXI, somos um neg\u00f3cio de fam\u00edlia que tem na proximidade, informalidade, transpar\u00eancia, simplicidade e honestidade os [&hellip;]<\/p>\n","protected":false},"author":1,"featured_media":0,"parent":0,"menu_order":0,"comment_status":"closed","ping_status":"closed","template":"","meta":[],"_links":{"self":[{"href":"https:\/\/hsdc.pt\/index.php?rest_route=\/wp\/v2\/pages\/60"}],"collection":[{"href":"https:\/\/hsdc.pt\/index.php?rest_route=\/wp\/v2\/pages"}],"about":[{"href":"https:\/\/hsdc.pt\/index.php?rest_route=\/wp\/v2\/types\/page"}],"author":[{"embeddable":true,"href":"https:\/\/hsdc.pt\/index.php?rest_route=\/wp\/v2\/users\/1"}],"replies":[{"embeddable":true,"href":"https:\/\/hsdc.pt\/index.php?rest_route=%2Fwp%2Fv2%2Fcomments&post=60"}],"version-history":[{"count":34,"href":"https:\/\/hsdc.pt\/index.php?rest_route=\/wp\/v2\/pages\/60\/revisions"}],"predecessor-version":[{"id":1908,"href":"https:\/\/hsdc.pt\/index.php?rest_route=\/wp\/v2\/pages\/60\/revisions\/1908"}],"wp:attachment":[{"href":"https:\/\/hsdc.pt\/index.php?rest_route=%2Fwp%2Fv2%2Fmedia&parent=60"}],"curies":[{"name":"wp","href":"https:\/\/api.w.org\/{rel}","templated":true}]}}