{"id":27,"date":"2018-02-17T13:08:27","date_gmt":"2018-02-17T13:08:27","guid":{"rendered":"https:\/\/eagle-themes.com\/themes\/zante\/?page_id=27"},"modified":"2019-12-04T21:20:39","modified_gmt":"2019-12-04T21:20:39","slug":"contact-us","status":"publish","type":"page","link":"https:\/\/hsdc.pt\/?page_id=27","title":{"rendered":"Contactos"},"content":{"rendered":"<p>[vc_row][vc_column]\t\t\t<div\r\n\t\t\t\tclass=\"main_title  text-center  \">\r\n\t\t\t\t<h2 class=\"title\">CONTACTE-NOS<\/h2>\r\n\t\t\t\t\t\t\t\t\t<p class=\"main_description\">Deixe a Sua Mensagem ou Coment\u00e1rio Atrav\u00e9s do Formul\u00e1rio.<\/p>\r\n\t\t\t\t\t\t\t<\/div>\r\n\t\t\n<div class=\"wpcf7 no-js\" id=\"wpcf7-f1079-o1\" lang=\"en-US\" dir=\"ltr\">\n<div class=\"screen-reader-response\"><p role=\"status\" aria-live=\"polite\" aria-atomic=\"true\"><\/p> <ul><\/ul><\/div>\n<form action=\"\/index.php?rest_route=%2Fwp%2Fv2%2Fpages%2F27#wpcf7-f1079-o1\" method=\"post\" class=\"wpcf7-form init\" aria-label=\"Contact form\" novalidate=\"novalidate\" data-status=\"init\">\n<div style=\"display: none;\">\n<input type=\"hidden\" name=\"_wpcf7\" value=\"1079\" \/>\n<input type=\"hidden\" name=\"_wpcf7_version\" value=\"5.7.7\" \/>\n<input type=\"hidden\" name=\"_wpcf7_locale\" value=\"en_US\" \/>\n<input type=\"hidden\" name=\"_wpcf7_unit_tag\" value=\"wpcf7-f1079-o1\" \/>\n<input type=\"hidden\" name=\"_wpcf7_container_post\" value=\"0\" \/>\n<input type=\"hidden\" name=\"_wpcf7_posted_data_hash\" value=\"\" \/>\n<\/div>\n<div class=\"contact-page-form\">\n<div class=\"wpcf7-response-output\" aria-hidden=\"true\"><\/div>\n\t<div class=\"row\">\n\t\t<div class=\"form-group col-md-6\">\n\t\t\t<p><span class=\"wpcf7-form-control-wrap\" data-name=\"your-name\"><input size=\"40\" class=\"wpcf7-form-control wpcf7-text wpcf7-validates-as-required form-control\" aria-required=\"true\" aria-invalid=\"false\" placeholder=\"Nome\" value=\"\" type=\"text\" name=\"your-name\" \/><\/span>\n\t\t\t<\/p>\n\t\t<\/div>\n\t\t<div class=\"form-group col-md-6\">\n\t\t\t<p><span class=\"wpcf7-form-control-wrap\" data-name=\"your-phone\"><input size=\"40\" class=\"wpcf7-form-control wpcf7-text wpcf7-validates-as-required form-control\" aria-required=\"true\" aria-invalid=\"false\" placeholder=\"Telefone\" value=\"\" type=\"text\" name=\"your-phone\" \/><\/span>\n\t\t\t<\/p>\n\t\t<\/div>\n\t\t<div class=\"form-group col-md-6\">\n\t\t\t<p><span class=\"wpcf7-form-control-wrap\" data-name=\"your-email\"><input size=\"40\" class=\"wpcf7-form-control wpcf7-text wpcf7-email wpcf7-validates-as-required wpcf7-validates-as-email form-control\" aria-required=\"true\" aria-invalid=\"false\" placeholder=\"Email\" value=\"\" type=\"email\" name=\"your-email\" \/><\/span>\n\t\t\t<\/p>\n\t\t<\/div>\n\t\t<div class=\"form-group col-md-6\">\n\t\t\t<p><span class=\"wpcf7-form-control-wrap\" data-name=\"your-subject\"><input size=\"40\" class=\"wpcf7-form-control wpcf7-text form-control\" aria-invalid=\"false\" placeholder=\"Assunto\" value=\"\" type=\"text\" name=\"your-subject\" \/><\/span>\n\t\t\t<\/p>\n\t\t<\/div>\n\t<\/div>\n\t<div class=\"form-group\">\n\t\t<p><span class=\"wpcf7-form-control-wrap\" data-name=\"your-message\"><textarea cols=\"40\" rows=\"10\" class=\"wpcf7-form-control wpcf7-textarea wpcf7-validates-as-required form-control\" aria-required=\"true\" aria-invalid=\"false\" placeholder=\"Mensagem\" name=\"your-message\"><\/textarea><\/span>\n\t\t<\/p>\n\t<\/div>\n\t<div class=\"form-group\">\n\t\t<p><input type=\"checkbox\" name=\"agree\" value=\"1\" required \/> Aceito os <a class=\"colorbox cboxElement\" href=\"https:\/\/hsdc.pt\/?page_id=931\" target=\"new\" alt=\"Termos e Condi\u00e7\u00f5es\"><b>Termos e Condi\u00e7\u00f5es<span><\/span><\/b><\/a>\n\t\t<\/p>\n\t<\/div>\n\t<p><input class=\"wpcf7-form-control has-spinner wpcf7-submit button btn-lg mt10 mt30\" type=\"submit\" value=\"Enviar Mensagem\" \/>\n\t<\/p>\n<\/div>\n<\/form>\n<\/div>\n[\/vc_column][\/vc_row][vc_row full_width=&#8221;stretch_row&#8221; content_placement=&#8221;middle&#8221; css=&#8221;.vc_custom_1575493932122{padding-top: 20px !important;padding-bottom: 20px !important;background-image: url(https:\/\/hsdc.pt\/wp-content\/uploads\/2019\/12\/ImagemMapa.jpg?id=1893) !important;}&#8221;][vc_column]\t\t\t<div\r\n\t\t\t\tclass=\"main_title  text-center mt_white \">\r\n\t\t\t\t<h2 class=\"title\">LOCALIZA\u00c7\u00c3O<\/h2>\r\n\t\t\t\t\t\t\t\t\t<p class=\"main_description\">Encontre-nos no Centro da Praia de Mira<\/p>\r\n\t\t\t\t\t\t\t<\/div>\r\n\t\t[vc_raw_html]JTNDaWZyYW1lJTIwc3JjJTNEJTIyaHR0cHMlM0ElMkYlMkZ3d3cuZ29vZ2xlLmNvbSUyRm1hcHMlMkZlbWJlZCUzRnBiJTNEJTIxMW0xOCUyMTFtMTIlMjExbTMlMjExZDMwMzUuODg3NTk1NTMzMjkyJTIxMmQtOC44MDA3MDI5ODQzMzE4ODElMjEzZDQwLjQ1NTYyNDc2MTE5NjQwNCUyMTJtMyUyMTFmMCUyMTJmMCUyMTNmMCUyMTNtMiUyMTFpMTAyNCUyMTJpNzY4JTIxNGYxMy4xJTIxM20zJTIxMW0yJTIxMXMweGQyM2I3ODQxMjI3YjMzYiUyNTNBMHg1NDYzMGRjNDJmZDU5NGU4JTIxMnNIb3RlbCUyNTIwU3JhJTI1MjBkYSUyNTIwQ29uY2VpJTI1QzMlMjVBNyUyNUMzJTI1QTNvJTIxNWUwJTIxM20yJTIxMXNwdC1QVCUyMTJzcHQlMjE0djE1NzU0OTI5OTM0MTQlMjE1bTIlMjExc3B0LVBUJTIxMnNwdCUyMiUyMHdpZHRoJTNEJTIyMTAwJTI1JTIyJTIwaGVpZ2h0JTNEJTIyNDUwJTIyJTIwZnJhbWVib3JkZXIlM0QlMjIwJTIyJTIwc3R5bGUlM0QlMjJib3JkZXIlM0EwJTNCJTIyJTIwYWxsb3dmdWxsc2NyZWVuJTNEJTIyJTIyJTNFJTNDJTJGaWZyYW1lJTNF[\/vc_raw_html]\r\n        \r\n        <style>\r\n\t\t\t\t#btn-container-TQyYq {\r\n\t\t\t\t\tfont-size: 15px;\r\n\t\t\t\t\tfont-weight: bold;\r\n\t\t\t\t}\r\n        #btn-TQyYq {\r\n        \tbackground: #deb666;\r\n\t\t\t\t\tborder-style: solid;\r\n        \tborder-color: #deb666;\r\n\t\t\t\t\tborder-width: 2px;\r\n        \tcolor: #ffffff;\r\n\t\t\t\t\tpadding: 10px 20px;\r\n\t\t\t\t\tborder-radius: 2px;\r\n\t\t\t\t\tfont-size: 15px;\r\n\t\t\t\t\tline-height: 15px;\r\n\t\t\t\t\t\t\t\t\t\t\t\t\t\t\tfont-weight: bold;\r\n        }\r\n\r\n\t\t\t\t#btn-TQyYq:hover {\r\n\t\t\t\t\tbackground: #b69854;\r\n\t\t\t\t\tborder-color: #b69854;\r\n\t\t\t\t\tcolor: #ffffff;\r\n\t\t\t\t\t\t\t\t\t\tbox-shadow: 0 15px 30px rgba(0, 0, 0, 0.10);\r\n\t\t\t\t\t\t\t\t\t\t\t\t\t\t\t\r\n\t\t\t\t}\r\n\r\n\t\t    #btn-TQyYq i {\r\n\t\t\t\t\tright: 14px;\r\n\t\t\t\t\tmargin-top: 0;\r\n\t\t\t\t\tvertical-align: middle;\r\n\t\t\t\t\tborder-radius: 50%;\r\n\t\t\t\t\tline-height: 20px;\r\n\t\t\t\t\theight: 20px;\r\n\t\t\t\t\twidth: 20px;\r\n\t\t\t\t\tbackground: #deb666;\r\n\t\t\t\t\tmargin-left: 8px;\r\n\t\t\t\t\tmargin-right: 0;\r\n\t\t\t\t\tcolor: #ffffff;\r\n\t\t\t\t\tfont-size: 8px;\r\n\t\t\t\t\ttext-align: center;\r\n\t\t\t\t}\r\n\r\n\t\t\t\t #btn-TQyYq:hover i {\r\n\t\t\t\t \tbackground: #b69854;\r\n\t\t\t\t\tcolor: #ffffff;\r\n\t\t\t\t }\r\n\r\n        <\/style>\r\n\r\n\t\t\t\t<!-- BUTTON -->\r\n        <div id=\"btn-container-TQyYq\" class=\"text-center\">\r\n\t\t\t\t\t\r\n\t\t\t\t\t<a href=\"https:\/\/www.google.com\/maps\/place\/Hotel+Sra+da+Concei%C3%A7%C3%A3o\/@40.4556248,-8.800703,17z\/data=!3m1!4b1!4m8!3m7!1s0xd23b7841227b33b:0x54630dc42fd594e8!5m2!4m1!1i2!8m2!3d40.4556207!4d-8.7985143\" id=\"btn-TQyYq\" class=\"btn \" target=\"_blank\">\r\n\t\t\t\t\t\tDire\u00e7\u00f5es\t\t\t\t\t\t\t\t\t\t\t\t<i class=\"fa fa-map\"><\/i>\r\n\t\t\t\t\t\t\t\t\t\t\t<\/a>\r\n\t\t\t\t\t\r\n        <\/div>\r\n\r\n\r\n\r\n        [\/vc_column][\/vc_row]<\/p>\n","protected":false},"excerpt":{"rendered":"<p>[vc_row][vc_column][\/vc_column][\/vc_row][vc_row full_width=&#8221;stretch_row&#8221; content_placement=&#8221;middle&#8221; css=&#8221;.vc_custom_1575493932122{padding-top: 20px !important;padding-bottom: 20px !important;background-image: url(https:\/\/hsdc.pt\/wp-content\/uploads\/2019\/12\/ImagemMapa.jpg?id=1893) !important;}&#8221;][vc_column][vc_raw_html]JTNDaWZyYW1lJTIwc3JjJTNEJTIyaHR0cHMlM0ElMkYlMkZ3d3cuZ29vZ2xlLmNvbSUyRm1hcHMlMkZlbWJlZCUzRnBiJTNEJTIxMW0xOCUyMTFtMTIlMjExbTMlMjExZDMwMzUuODg3NTk1NTMzMjkyJTIxMmQtOC44MDA3MDI5ODQzMzE4ODElMjEzZDQwLjQ1NTYyNDc2MTE5NjQwNCUyMTJtMyUyMTFmMCUyMTJmMCUyMTNmMCUyMTNtMiUyMTFpMTAyNCUyMTJpNzY4JTIxNGYxMy4xJTIxM20zJTIxMW0yJTIxMXMweGQyM2I3ODQxMjI3YjMzYiUyNTNBMHg1NDYzMGRjNDJmZDU5NGU4JTIxMnNIb3RlbCUyNTIwU3JhJTI1MjBkYSUyNTIwQ29uY2VpJTI1QzMlMjVBNyUyNUMzJTI1QTNvJTIxNWUwJTIxM20yJTIxMXNwdC1QVCUyMTJzcHQlMjE0djE1NzU0OTI5OTM0MTQlMjE1bTIlMjExc3B0LVBUJTIxMnNwdCUyMiUyMHdpZHRoJTNEJTIyMTAwJTI1JTIyJTIwaGVpZ2h0JTNEJTIyNDUwJTIyJTIwZnJhbWVib3JkZXIlM0QlMjIwJTIyJTIwc3R5bGUlM0QlMjJib3JkZXIlM0EwJTNCJTIyJTIwYWxsb3dmdWxsc2NyZWVuJTNEJTIyJTIyJTNFJTNDJTJGaWZyYW1lJTNF[\/vc_raw_html][\/vc_column][\/vc_row]<\/p>\n","protected":false},"author":1,"featured_media":0,"parent":0,"menu_order":0,"comment_status":"closed","ping_status":"closed","template":"","meta":[],"_links":{"self":[{"href":"https:\/\/hsdc.pt\/index.php?rest_route=\/wp\/v2\/pages\/27"}],"collection":[{"href":"https:\/\/hsdc.pt\/index.php?rest_route=\/wp\/v2\/pages"}],"about":[{"href":"https:\/\/hsdc.pt\/index.php?rest_route=\/wp\/v2\/types\/page"}],"author":[{"embeddable":true,"href":"https:\/\/hsdc.pt\/index.php?rest_route=\/wp\/v2\/users\/1"}],"replies":[{"embeddable":true,"href":"https:\/\/hsdc.pt\/index.php?rest_route=%2Fwp%2Fv2%2Fcomments&post=27"}],"version-history":[{"count":15,"href":"https:\/\/hsdc.pt\/index.php?rest_route=\/wp\/v2\/pages\/27\/revisions"}],"predecessor-version":[{"id":1902,"href":"https:\/\/hsdc.pt\/index.php?rest_route=\/wp\/v2\/pages\/27\/revisions\/1902"}],"wp:attachment":[{"href":"https:\/\/hsdc.pt\/index.php?rest_route=%2Fwp%2Fv2%2Fmedia&parent=27"}],"curies":[{"name":"wp","href":"https:\/\/api.w.org\/{rel}","templated":true}]}}