{"id":1206,"date":"2018-06-03T01:21:35","date_gmt":"2018-06-03T01:21:35","guid":{"rendered":"https:\/\/eagle-themes.com\/themes\/zante\/?page_id=1206"},"modified":"2020-06-16T15:12:03","modified_gmt":"2020-06-16T15:12:03","slug":"full-width-page","status":"publish","type":"page","link":"https:\/\/hsdc.pt\/?page_id=1206","title":{"rendered":"O Que Fazer"},"content":{"rendered":"<p>[vc_row css=&#8221;.vc_custom_1575823330463{padding-top: 30px !important;}&#8221;][vc_column]\t\t\t<div\r\n\t\t\t\tclass=\"main_title  text-center  \">\r\n\t\t\t\t<h2 class=\"title\">DESCOBRIR A REGI\u00c3O<\/h2>\r\n\t\t\t\t\t\t\t\t\t<p class=\"main_description\">Atividades para conhecer melhor a regi\u00e3o<\/p>\r\n\t\t\t\t\t\t\t<\/div>\r\n\t\t[vc_tta_tour][vc_tta_section title=&#8221;Atividades desportivas&#8221; tab_id=&#8221;1575823593244-60c1f8c6-4f1f&#8221;][vc_column_text]- Caminhada: em Mira disp\u00f5e de 6 percursos pedestres com diferentes dist\u00e2ncias e motivos de visita para os amantes de caminhada. Poder\u00e1 ainda simplesmente apreciar a nossa envolvente utilizando partes ou o total dos cerca de 30kms de circuito ciclo pedonal para um simples passeio em fam\u00edlia.<br \/>\n&#8211; Running: al\u00e9m da nossa infraestrutura ciclo pedonal, a Praia de Mira disp\u00f5e de uma pista de cross que, recentemente, acolheu o campeonato europeu de corta-mato, portanto uma estrutura que lhe permite uns dias onde pode juntar o \u00fatil ao agrad\u00e1vel.<br \/>\n&#8211; Bicicleta: um simples passeio pelo nosso concelho, ou simplesmente pela Praia de Mira, utilizando toda a pista para o efeito; a utiliza\u00e7\u00e3o de um dos nossos percursos de bicicleta de estrada ou de btt que temos pr\u00e9-definidos\u2026 Voc\u00ea decide como, quando e com quem desfrutar das duas rodas pedalando.<br \/>\n&#8211; Desportos Aqu\u00e1ticos: utilize o lago junto do hotel com o seu equipamento ou alugue na nossa recep\u00e7\u00e3o o que temos dispon\u00edvel para si (Stand Up Paddle, windsurf, kayake).[\/vc_column_text][\/vc_tta_section][vc_tta_section title=&#8221;Atividades culturais e religiosas&#8221; tab_id=&#8221;1575823593258-c73518dd-3b27&#8243;][vc_column_text]- Visite os museus (museu do territ\u00f3rio e da g\u00e2ndara, museu etnogr\u00e1fico) e conhe\u00e7a um pouco da hist\u00f3ria da g\u00e2ndara.<br \/>\n&#8211; Assista \u00e0 Arte X\u00e1vega, atividade de pesca artesanal no mar exclusiva da nossa zona<br \/>\n&#8211; Visite a igreja matriz, extraordin\u00e1rio exemplar de constru\u00e7\u00e3o barroca e oitocentista<br \/>\n&#8211; Visite a capela da Nossa Senhora da Concei\u00e7\u00e3o, na Praia de Mira, monumento edificado em madeira em 1843 tal como eram os antigos palheiros de Mira.<br \/>\n&#8211; Fa\u00e7a um tour pelos diversos monumentos e est\u00e1tuas de todo o concelho de Mira[\/vc_column_text][\/vc_tta_section][vc_tta_section title=&#8221;Praia e Barrinha&#8221; tab_id=&#8221;1575823684020-14016e30-226b&#8221;][vc_column_text]- Fazer f\u00e9rias em Mira \u00e9 sin\u00f3nimo de gozar uma praia de qualidade \u00edmpar. Com um extenso areal e \u00e1guas de qualidade terap\u00eautica invulgar, a nossa praia \u00e9 a \u00fanica no mundo que mant\u00e9m a bandeira azul desde o ano da sua cria\u00e7\u00e3o, j\u00e1 l\u00e1 v\u00e3o mais de 30 anos.<br \/>\n&#8211; Delicie-se com a beleza da nossa barrinha e do nosso lago do mar, dois lagos de \u00e1gua doce bem juntos do mar.[\/vc_column_text][\/vc_tta_section][vc_tta_section title=&#8221;Gastronomia&#8221; tab_id=&#8221;1575823708227-e3bcc28e-c1fa&#8221;][vc_column_text]- Conhe\u00e7a os diversos restaurantes e casas t\u00edpicas do concelho de Mira, onde poder\u00e1 comer a bela caldeirada, o belo pit\u00e9u de raia ou a famosa carne de matan\u00e7a, alguns dos pratos da t\u00e3o famosa gastronomia gandaresa[\/vc_column_text][\/vc_tta_section][vc_tta_section title=&#8221;Divers\u00e3o&#8221; tab_id=&#8221;1575823930081-f1add03b-ebaf&#8221;][vc_column_text]- A Praia de Mira disp\u00f5e de uma s\u00e9rie de espa\u00e7os noturnos com diferentes caracter\u00edsticas onde poder\u00e1 passar uma noite divertida em amigos ou simplesmente com a sua cara-metade.[\/vc_column_text][\/vc_tta_section][\/vc_tta_tour][\/vc_column][\/vc_row][vc_row full_width=&#8221;stretch_row&#8221; css=&#8221;.vc_custom_1531734543892{padding-top: 100px !important;padding-bottom: 100px !important;}&#8221;][vc_column]\t\t\t<div\r\n\t\t\t\tclass=\"main_title  text-center  \">\r\n\t\t\t\t<h2 class=\"title\">LOCAIS A VISITAR<\/h2>\r\n\t\t\t\t\t\t\t\t\t<p class=\"main_description\">Lugares Obrigat\u00f3rios Visitar<\/p>\r\n\t\t\t\t\t\t\t<\/div>\r\n\t\t\r\n  <div class=\"row\">\r\n\r\n    \r\n      \r\n          <div class=\"col-md-6 first-place\">\r\n            <div class=\"place-item\">\r\n              <figure class=\"gradient-overlay zoom-hover\">\r\n                <a href=\"https:\/\/hsdc.pt\/?eagle_places=mira\">\r\n                  <img src=\"https:\/\/hsdc.pt\/wp-content\/uploads\/2019\/12\/75380206_658357984691885_1171360494993276928_o-640x470.jpg\" class=\"img-responsive\" alt=\"Mira\">\r\n\r\n                    <h3 class=\"place-title\">Mira<\/h3>\r\n\r\n                <\/a>\r\n              <\/figure>\r\n            <\/div>\r\n          <\/div>\r\n\r\n      \r\n\t\t\r\n      \r\n          <div class=\"col-md-6 second-place\">\r\n            <div class=\"place-item\">\r\n              <figure class=\"gradient-overlay zoom-hover\">\r\n                <a href=\"https:\/\/hsdc.pt\/?eagle_places=aveiro\">\r\n                  <img src=\"https:\/\/hsdc.pt\/wp-content\/uploads\/2019\/12\/Aveiro-720x470.jpg\" class=\"img-responsive\" alt=\"Aveiro\">\r\n\r\n                    <h3 class=\"place-title\">Aveiro<\/h3>\r\n\r\n                <\/a>\r\n              <\/figure>\r\n            <\/div>\r\n          <\/div>\r\n\r\n      \r\n\t\t\r\n              <div class=\"col-lg-6\">\r\n          <div class=\"row\">\r\n      \r\n          <div class=\"col-md-6 third-place\">\r\n            <div class=\"place-item\">\r\n              <figure class=\"gradient-overlay zoom-hover\">\r\n                <a href=\"https:\/\/hsdc.pt\/?eagle_places=praia-de-mira\">\r\n                  <img src=\"https:\/\/hsdc.pt\/wp-content\/uploads\/2019\/12\/PrairadeMira-720x470.jpg\" class=\"img-responsive\" alt=\"Praia de Mira\">\r\n\r\n                    <h3 class=\"place-title\">Praia de Mira<\/h3>\r\n\r\n                <\/a>\r\n              <\/figure>\r\n            <\/div>\r\n          <\/div>\r\n\r\n      \r\n\t\t\r\n      \r\n          <div class=\"col-md-6 fourth-place\">\r\n            <div class=\"place-item\">\r\n              <figure class=\"gradient-overlay zoom-hover\">\r\n                <a href=\"https:\/\/hsdc.pt\/?eagle_places=coimbra\">\r\n                  <img src=\"https:\/\/hsdc.pt\/wp-content\/uploads\/2019\/12\/Coimbra-720x470.jpg\" class=\"img-responsive\" alt=\"Coimbra\">\r\n\r\n                    <h3 class=\"place-title\">Coimbra<\/h3>\r\n\r\n                <\/a>\r\n              <\/figure>\r\n            <\/div>\r\n          <\/div>\r\n\r\n                <\/div>\r\n        <\/div>\r\n      \r\n\t\t\r\n  <\/div>\r\n\r\n    [vc_empty_space height=&#8221;30&#8243;]\r\n        \r\n        <style>\r\n\t\t\t\t#btn-container-k8orP {\r\n\t\t\t\t\tfont-size: 17px;\r\n\t\t\t\t\tfont-weight: bold;\r\n\t\t\t\t}\r\n        #btn-k8orP {\r\n        \tbackground: #ffffff;\r\n\t\t\t\t\tborder-style: solid;\r\n        \tborder-color: #ffffff;\r\n\t\t\t\t\tborder-width: 0px;\r\n        \tcolor: #deb666;\r\n\t\t\t\t\tpadding: 5px 8px;\r\n\t\t\t\t\tborder-radius: 50px;\r\n\t\t\t\t\tfont-size: 17px;\r\n\t\t\t\t\tline-height: 17px;\r\n\t\t\t\t\t\t\t\t\t\t\t\t\t\t\tfont-weight: bold;\r\n        }\r\n\r\n\t\t\t\t#btn-k8orP:hover {\r\n\t\t\t\t\tbackground: #b69854;\r\n\t\t\t\t\tborder-color: #b69854;\r\n\t\t\t\t\tcolor: #ffffff;\r\n\t\t\t\t\t\t\t\t\t\t\t\t\t\t\t\r\n\t\t\t\t}\r\n\r\n\t\t    #btn-k8orP i {\r\n\t\t\t\t\tright: 14px;\r\n\t\t\t\t\tmargin-top: 0;\r\n\t\t\t\t\tvertical-align: middle;\r\n\t\t\t\t\tborder-radius: 50%;\r\n\t\t\t\t\tline-height: 20px;\r\n\t\t\t\t\theight: 20px;\r\n\t\t\t\t\twidth: 20px;\r\n\t\t\t\t\tbackground: #deb666;\r\n\t\t\t\t\tmargin-left: 8px;\r\n\t\t\t\t\tmargin-right: 0;\r\n\t\t\t\t\tcolor: #ffffff;\r\n\t\t\t\t\tfont-size: 8px;\r\n\t\t\t\t\ttext-align: center;\r\n\t\t\t\t}\r\n\r\n\t\t\t\t #btn-k8orP:hover i {\r\n\t\t\t\t \tbackground: #ffffff;\r\n\t\t\t\t\tcolor: #b69854;\r\n\t\t\t\t }\r\n\r\n        <\/style>\r\n\r\n\t\t\t\t<!-- BUTTON -->\r\n        <div id=\"btn-container-k8orP\" class=\"text-center\">\r\n\t\t\t\t\t\t\t\t\t\t<span>Veja Mais<\/span>\r\n\t\t\t  \t\r\n\t\t\t\t\t<a href=\"https:\/\/hsdc.pt\/?page_id=361\" id=\"btn-k8orP\" class=\"btn \" target=\"_self\">\r\n\t\t\t\t\t\tLugares\t\t\t\t\t\t\t\t\t\t\t\t<i class=\"fa fa fa-chevron-right\"><\/i>\r\n\t\t\t\t\t\t\t\t\t\t\t<\/a>\r\n\t\t\t\t\t\t\t\t\t\t<span>Agora<\/span>\r\n\t\t\t  \t\r\n        <\/div>\r\n\r\n\r\n\r\n        [\/vc_column][\/vc_row]<\/p>\n","protected":false},"excerpt":{"rendered":"<p>[vc_row css=&#8221;.vc_custom_1575823330463{padding-top: 30px !important;}&#8221;][vc_column][vc_tta_tour][vc_tta_section title=&#8221;Atividades desportivas&#8221; tab_id=&#8221;1575823593244-60c1f8c6-4f1f&#8221;][vc_column_text]- Caminhada: em Mira disp\u00f5e de 6 percursos pedestres com diferentes dist\u00e2ncias e motivos de visita para os amantes de caminhada. Poder\u00e1 ainda simplesmente apreciar a nossa envolvente utilizando partes ou o total dos cerca de 30kms de circuito ciclo pedonal para um simples passeio em fam\u00edlia. &#8211; Running: [&hellip;]<\/p>\n","protected":false},"author":1,"featured_media":0,"parent":0,"menu_order":0,"comment_status":"closed","ping_status":"closed","template":"","meta":[],"_links":{"self":[{"href":"https:\/\/hsdc.pt\/index.php?rest_route=\/wp\/v2\/pages\/1206"}],"collection":[{"href":"https:\/\/hsdc.pt\/index.php?rest_route=\/wp\/v2\/pages"}],"about":[{"href":"https:\/\/hsdc.pt\/index.php?rest_route=\/wp\/v2\/types\/page"}],"author":[{"embeddable":true,"href":"https:\/\/hsdc.pt\/index.php?rest_route=\/wp\/v2\/users\/1"}],"replies":[{"embeddable":true,"href":"https:\/\/hsdc.pt\/index.php?rest_route=%2Fwp%2Fv2%2Fcomments&post=1206"}],"version-history":[{"count":18,"href":"https:\/\/hsdc.pt\/index.php?rest_route=\/wp\/v2\/pages\/1206\/revisions"}],"predecessor-version":[{"id":2373,"href":"https:\/\/hsdc.pt\/index.php?rest_route=\/wp\/v2\/pages\/1206\/revisions\/2373"}],"wp:attachment":[{"href":"https:\/\/hsdc.pt\/index.php?rest_route=%2Fwp%2Fv2%2Fmedia&parent=1206"}],"curies":[{"name":"wp","href":"https:\/\/api.w.org\/{rel}","templated":true}]}}